{"id":26001,"date":"2024-06-25T09:07:00","date_gmt":"2024-06-25T09:07:00","guid":{"rendered":"https:\/\/bci.md\/?page_id=26001"},"modified":"2024-07-18T09:17:03","modified_gmt":"2024-07-18T09:17:03","slug":"studii-de-piata","status":"publish","type":"page","link":"https:\/\/bci.md\/en\/studii-de-piata\/","title":{"rendered":"Market studies"},"content":{"rendered":"<div data-elementor-type=\"wp-post\" data-elementor-id=\"26001\" class=\"elementor elementor-26001\">\n\t\t\t\t<div class=\"elementor-element elementor-element-42ba466 e-flex e-con-boxed wpr-particle-no wpr-jarallax-no wpr-parallax-no wpr-sticky-section-no e-con e-parent\" data-id=\"42ba466\" data-element_type=\"container\" data-settings=\"{&quot;background_background&quot;:&quot;classic&quot;}\">\n\t\t\t\t\t<div class=\"e-con-inner\">\n\t\t<div class=\"elementor-element elementor-element-9ff2613 e-con-full e-flex wpr-particle-no wpr-jarallax-no wpr-parallax-no wpr-sticky-section-no e-con e-child\" data-id=\"9ff2613\" data-element_type=\"container\">\n\t\t\t\t<div class=\"elementor-element elementor-element-64ec3f7 elementor-widget elementor-widget-heading\" data-id=\"64ec3f7\" data-element_type=\"widget\" data-widget_type=\"heading.default\">\n\t\t\t\t<div class=\"elementor-widget-container\">\n\t\t\t\t\t<h2 class=\"elementor-heading-title elementor-size-default\">Our services<\/h2>\t\t\t\t<\/div>\n\t\t\t\t<\/div>\n\t\t\t\t<\/div>\n\t\t\t\t\t<\/div>\n\t\t\t\t<\/div>\n\t\t<div class=\"elementor-element elementor-element-aab225f e-flex e-con-boxed wpr-particle-no wpr-jarallax-no wpr-parallax-no wpr-sticky-section-no e-con e-parent\" data-id=\"aab225f\" data-element_type=\"container\" data-settings=\"{&quot;shape_divider_bottom&quot;:&quot;waves&quot;}\">\n\t\t\t\t\t<div class=\"e-con-inner\">\n\t\t\t\t<div class=\"elementor-shape elementor-shape-bottom\" data-negative=\"false\">\n\t\t\t<svg xmlns=\"http:\/\/www.w3.org\/2000\/svg\" viewbox=\"0 0 1000 100\" preserveaspectratio=\"none\">\n\t<path class=\"elementor-shape-fill\" d=\"M421.9,6.5c22.6-2.5,51.5,0.4,75.5,5.3c23.6,4.9,70.9,23.5,100.5,35.7c75.8,32.2,133.7,44.5,192.6,49.7\tc23.6,2.1,48.7,3.5,103.4-2.5c54.7-6,106.2-25.6,106.2-25.6V0H0v30.3c0,0,72,32.6,158.4,30.5c39.2-0.7,92.8-6.7,134-22.4\tc21.2-8.1,52.2-18.2,79.7-24.2C399.3,7.9,411.6,7.5,421.9,6.5z\"\/>\n<\/svg>\t\t<\/div>\n\t\t<div class=\"elementor-element elementor-element-91a3aed e-con-full e-flex wpr-particle-no wpr-jarallax-no wpr-parallax-no wpr-sticky-section-no e-con e-child\" data-id=\"91a3aed\" data-element_type=\"container\">\n\t\t<div class=\"elementor-element elementor-element-3a1f0a0 e-con-full e-flex wpr-particle-no wpr-jarallax-no wpr-parallax-no wpr-sticky-section-no e-con e-child\" data-id=\"3a1f0a0\" data-element_type=\"container\">\n\t\t<div class=\"elementor-element elementor-element-1863476 e-con-full e-flex wpr-particle-no wpr-jarallax-no wpr-parallax-no wpr-sticky-section-no e-con e-child\" data-id=\"1863476\" data-element_type=\"container\">\n\t\t\t\t<div class=\"elementor-element elementor-element-b944c93 elementor-widget elementor-widget-image\" data-id=\"b944c93\" data-element_type=\"widget\" data-widget_type=\"image.default\">\n\t\t\t\t<div class=\"elementor-widget-container\">\n\t\t\t\t\t\t\t\t\t\t\t\t\t\t\t<img fetchpriority=\"high\" decoding=\"async\" width=\"1024\" height=\"1024\" src=\"https:\/\/bci.md\/wp-content\/uploads\/2024\/06\/\u0414\u0438\u0437\u0430\u0439\u043d-\u0431\u0435\u0437-\u043d\u0430\u0437\u0432\u0430\u043d\u0438\u044f-53-min-1024x1024.png\" class=\"attachment-large size-large wp-image-26331\" alt=\"\" srcset=\"https:\/\/bci.md\/wp-content\/uploads\/2024\/06\/\u0414\u0438\u0437\u0430\u0439\u043d-\u0431\u0435\u0437-\u043d\u0430\u0437\u0432\u0430\u043d\u0438\u044f-53-min-1024x1024.png 1024w, https:\/\/bci.md\/wp-content\/uploads\/2024\/06\/\u0414\u0438\u0437\u0430\u0439\u043d-\u0431\u0435\u0437-\u043d\u0430\u0437\u0432\u0430\u043d\u0438\u044f-53-min-300x300.png 300w, https:\/\/bci.md\/wp-content\/uploads\/2024\/06\/\u0414\u0438\u0437\u0430\u0439\u043d-\u0431\u0435\u0437-\u043d\u0430\u0437\u0432\u0430\u043d\u0438\u044f-53-min-150x150.png 150w, https:\/\/bci.md\/wp-content\/uploads\/2024\/06\/\u0414\u0438\u0437\u0430\u0439\u043d-\u0431\u0435\u0437-\u043d\u0430\u0437\u0432\u0430\u043d\u0438\u044f-53-min-768x768.png 768w, https:\/\/bci.md\/wp-content\/uploads\/2024\/06\/\u0414\u0438\u0437\u0430\u0439\u043d-\u0431\u0435\u0437-\u043d\u0430\u0437\u0432\u0430\u043d\u0438\u044f-53-min-600x600.png 600w, https:\/\/bci.md\/wp-content\/uploads\/2024\/06\/\u0414\u0438\u0437\u0430\u0439\u043d-\u0431\u0435\u0437-\u043d\u0430\u0437\u0432\u0430\u043d\u0438\u044f-53-min-100x100.png 100w, https:\/\/bci.md\/wp-content\/uploads\/2024\/06\/\u0414\u0438\u0437\u0430\u0439\u043d-\u0431\u0435\u0437-\u043d\u0430\u0437\u0432\u0430\u043d\u0438\u044f-53-min.png 1080w\" sizes=\"(max-width: 1024px) 100vw, 1024px\" \/>\t\t\t\t\t\t\t\t\t\t\t\t\t\t\t<\/div>\n\t\t\t\t<\/div>\n\t\t\t\t<\/div>\n\t\t<div class=\"elementor-element elementor-element-495c5fd e-con-full e-flex wpr-particle-no wpr-jarallax-no wpr-parallax-no wpr-sticky-section-no e-con e-child\" data-id=\"495c5fd\" data-element_type=\"container\">\n\t\t<div class=\"elementor-element elementor-element-5efd2b6 e-flex e-con-boxed wpr-particle-no wpr-jarallax-no wpr-parallax-no wpr-sticky-section-no e-con e-child\" data-id=\"5efd2b6\" data-element_type=\"container\">\n\t\t\t\t\t<div class=\"e-con-inner\">\n\t\t\t\t<div class=\"elementor-element elementor-element-c75cf5d elementor-widget__width-initial elementor-widget-divider--view-line elementor-widget elementor-widget-divider\" data-id=\"c75cf5d\" data-element_type=\"widget\" data-widget_type=\"divider.default\">\n\t\t\t\t<div class=\"elementor-widget-container\">\n\t\t\t\t\t\t\t<div class=\"elementor-divider\">\n\t\t\t<span class=\"elementor-divider-separator\">\n\t\t\t\t\t\t<\/span>\n\t\t<\/div>\n\t\t\t\t\t\t<\/div>\n\t\t\t\t<\/div>\n\t\t\t\t<div class=\"elementor-element elementor-element-ab627c6 elementor-widget elementor-widget-heading\" data-id=\"ab627c6\" data-element_type=\"widget\" data-widget_type=\"heading.default\">\n\t\t\t\t<div class=\"elementor-widget-container\">\n\t\t\t\t\t<h2 class=\"elementor-heading-title elementor-size-default\">Our services<\/h2>\t\t\t\t<\/div>\n\t\t\t\t<\/div>\n\t\t\t\t\t<\/div>\n\t\t\t\t<\/div>\n\t\t\t\t<div class=\"elementor-element elementor-element-7259b8e elementor-widget elementor-widget-image-box\" data-id=\"7259b8e\" data-element_type=\"widget\" data-widget_type=\"image-box.default\">\n\t\t\t\t<div class=\"elementor-widget-container\">\n\t\t\t\t\t<div class=\"elementor-image-box-wrapper\"><div class=\"elementor-image-box-content\"><h2 class=\"elementor-image-box-title\">Market studies<\/h2><\/div><\/div>\t\t\t\t<\/div>\n\t\t\t\t<\/div>\n\t\t\t\t<div class=\"elementor-element elementor-element-4e3d8f7 elementor-widget elementor-widget-text-editor\" data-id=\"4e3d8f7\" data-element_type=\"widget\" data-widget_type=\"text-editor.default\">\n\t\t\t\t<div class=\"elementor-widget-container\">\n\t\t\t\t\t\t\t\t\t<div class=\"box-center\"><div class=\"pos-relative\"><p>Business Consulting Institute conducts market research tailored to the needs of each client.<\/p><p>One of the causes of business failure is the absence of complete information about a market. In this context, the BCI offers you the possibility to accumulate knowledge about the supply and demand in a given market or its conditions. \u00a0<\/p><p>BCI allows you to identify your potential competitors, their commercial policy and at the same time helps you to establish your market segment, buyer profile, their motivations and limitations. \u00a0\u00a0<\/p><p>BCI's consultants will analyze and take into account political, economic, social and technological factors to ensure your success and will provide you with the necessary information to help you understand any problems you may face.<\/p><\/div><\/div><div class=\"clear\">\u00a0<\/div>\t\t\t\t\t\t\t\t<\/div>\n\t\t\t\t<\/div>\n\t\t\t\t<\/div>\n\t\t\t\t<\/div>\n\t\t\t\t<\/div>\n\t\t\t\t\t<\/div>\n\t\t\t\t<\/div>\n\t\t\t\t<\/div>","protected":false},"excerpt":{"rendered":"<p>Serviciile noastre Serviciile noastre Studii de pia\u0163\u0103 Business Consulting Institute realizeaz\u0103 studii de pia\u0163\u0103 adaptate la necesit\u0103\u0163ile fiec\u0103rui client. Una din cauzele e\u015fecului pe care \u00eel poate suferi o \u00eentreprindere este absen\u0163a informa\u0163iilor complete despre o pia\u0163\u0103. \u00cen acest context, BCI v\u0103 ofer\u0103 posibilitatea de a acumula cuno\u015ftin\u0163e cu privire la cererea \u015fi oferta de pe pia\u0163a dat\u0103 sau la condi\u0163iile acesteia. \u00a0 BCI v\u0103 permite s\u0103 identifica\u0163i poten\u0163ialii concuren\u0163i, politica lor comercial\u0103 \u015fi \u00een acela\u015fi timp v\u0103 ajut\u0103 s\u0103 v\u0103 stabili\u0163i segmentul de pia\u0163\u0103, profilul cump\u0103r\u0103torilor, motiva\u0163iile \u015fi limitele lor. \u00a0\u00a0 Consultan\u0163ii BCI\u00a0vor analiza \u015fi \u0163ine cont de factorii politici, economici, sociali \u015fi tehnologici pentru a v\u0103 asigura succesul \u015fi v\u0103 vor\u00a0furniza informa\u0163iile necesare\u00a0care s\u0103 v\u0103 ajute s\u0103 \u00een\u0163elege\u0163i eventualele probleme cu care a\u0163i putea s\u0103 v\u0103 confrunta\u0163i. \u00a0<\/p>","protected":false},"author":1,"featured_media":0,"parent":0,"menu_order":0,"comment_status":"closed","ping_status":"closed","template":"","meta":{"site-sidebar-layout":"no-sidebar","site-content-layout":"page-builder","ast-site-content-layout":"","site-content-style":"default","site-sidebar-style":"default","ast-global-header-display":"","ast-banner-title-visibility":"","ast-main-header-display":"","ast-hfb-above-header-display":"","ast-hfb-below-header-display":"","ast-hfb-mobile-header-display":"","site-post-title":"disabled","ast-breadcrumbs-content":"","ast-featured-img":"disabled","footer-sml-layout":"","theme-transparent-header-meta":"enabled","adv-header-id-meta":"","stick-header-meta":"","header-above-stick-meta":"","header-main-stick-meta":"","header-below-stick-meta":"","astra-migrate-meta-layouts":"default","ast-page-background-enabled":"default","ast-page-background-meta":{"desktop":{"background-color":"","background-image":"","background-repeat":"repeat","background-position":"center center","background-size":"auto","background-attachment":"scroll","background-type":"","background-media":"","overlay-type":"","overlay-color":"","overlay-opacity":"","overlay-gradient":""},"tablet":{"background-color":"","background-image":"","background-repeat":"repeat","background-position":"center center","background-size":"auto","background-attachment":"scroll","background-type":"","background-media":"","overlay-type":"","overlay-color":"","overlay-opacity":"","overlay-gradient":""},"mobile":{"background-color":"","background-image":"","background-repeat":"repeat","background-position":"center center","background-size":"auto","background-attachment":"scroll","background-type":"","background-media":"","overlay-type":"","overlay-color":"","overlay-opacity":"","overlay-gradient":""}},"ast-content-background-meta":{"desktop":{"background-color":"var(--ast-global-color-5)","background-image":"","background-repeat":"repeat","background-position":"center center","background-size":"auto","background-attachment":"scroll","background-type":"","background-media":"","overlay-type":"","overlay-color":"","overlay-opacity":"","overlay-gradient":""},"tablet":{"background-color":"var(--ast-global-color-5)","background-image":"","background-repeat":"repeat","background-position":"center center","background-size":"auto","background-attachment":"scroll","background-type":"","background-media":"","overlay-type":"","overlay-color":"","overlay-opacity":"","overlay-gradient":""},"mobile":{"background-color":"var(--ast-global-color-5)","background-image":"","background-repeat":"repeat","background-position":"center center","background-size":"auto","background-attachment":"scroll","background-type":"","background-media":"","overlay-type":"","overlay-color":"","overlay-opacity":"","overlay-gradient":""}},"footnotes":""},"class_list":["post-26001","page","type-page","status-publish","hentry"],"_links":{"self":[{"href":"https:\/\/bci.md\/en\/wp-json\/wp\/v2\/pages\/26001","targetHints":{"allow":["GET"]}}],"collection":[{"href":"https:\/\/bci.md\/en\/wp-json\/wp\/v2\/pages"}],"about":[{"href":"https:\/\/bci.md\/en\/wp-json\/wp\/v2\/types\/page"}],"author":[{"embeddable":true,"href":"https:\/\/bci.md\/en\/wp-json\/wp\/v2\/users\/1"}],"replies":[{"embeddable":true,"href":"https:\/\/bci.md\/en\/wp-json\/wp\/v2\/comments?post=26001"}],"version-history":[{"count":0,"href":"https:\/\/bci.md\/en\/wp-json\/wp\/v2\/pages\/26001\/revisions"}],"wp:attachment":[{"href":"https:\/\/bci.md\/en\/wp-json\/wp\/v2\/media?parent=26001"}],"curies":[{"name":"wp","href":"https:\/\/api.w.org\/{rel}","templated":true}]}}