{"id":26177,"date":"2024-06-25T11:21:19","date_gmt":"2024-06-25T11:21:19","guid":{"rendered":"https:\/\/bci.md\/?page_id=26177"},"modified":"2024-06-25T11:22:52","modified_gmt":"2024-06-25T11:22:52","slug":"proiecte-curente","status":"publish","type":"page","link":"https:\/\/bci.md\/en\/proiecte-curente\/","title":{"rendered":"Current projects"},"content":{"rendered":"<div data-elementor-type=\"wp-post\" data-elementor-id=\"26177\" class=\"elementor elementor-26177\">\n\t\t\t\t<div class=\"elementor-element elementor-element-42ba466 e-flex e-con-boxed wpr-particle-no wpr-jarallax-no wpr-parallax-no wpr-sticky-section-no e-con e-parent\" data-id=\"42ba466\" data-element_type=\"container\" data-settings=\"{&quot;background_background&quot;:&quot;classic&quot;}\">\n\t\t\t\t\t<div class=\"e-con-inner\">\n\t\t<div class=\"elementor-element elementor-element-9ff2613 e-con-full e-flex wpr-particle-no wpr-jarallax-no wpr-parallax-no wpr-sticky-section-no e-con e-child\" data-id=\"9ff2613\" data-element_type=\"container\">\n\t\t\t\t<div class=\"elementor-element elementor-element-64ec3f7 elementor-widget elementor-widget-heading\" data-id=\"64ec3f7\" data-element_type=\"widget\" data-widget_type=\"heading.default\">\n\t\t\t\t<div class=\"elementor-widget-container\">\n\t\t\t\t\t<h2 class=\"elementor-heading-title elementor-size-default\">Current projects\n<\/h2>\t\t\t\t<\/div>\n\t\t\t\t<\/div>\n\t\t\t\t<\/div>\n\t\t\t\t\t<\/div>\n\t\t\t\t<\/div>\n\t\t<div class=\"elementor-element elementor-element-aab225f e-flex e-con-boxed wpr-particle-no wpr-jarallax-no wpr-parallax-no wpr-sticky-section-no e-con e-parent\" data-id=\"aab225f\" data-element_type=\"container\" data-settings=\"{&quot;shape_divider_bottom&quot;:&quot;waves&quot;}\">\n\t\t\t\t\t<div class=\"e-con-inner\">\n\t\t\t\t<div class=\"elementor-shape elementor-shape-bottom\" data-negative=\"false\">\n\t\t\t<svg xmlns=\"http:\/\/www.w3.org\/2000\/svg\" viewbox=\"0 0 1000 100\" preserveaspectratio=\"none\">\n\t<path class=\"elementor-shape-fill\" d=\"M421.9,6.5c22.6-2.5,51.5,0.4,75.5,5.3c23.6,4.9,70.9,23.5,100.5,35.7c75.8,32.2,133.7,44.5,192.6,49.7\tc23.6,2.1,48.7,3.5,103.4-2.5c54.7-6,106.2-25.6,106.2-25.6V0H0v30.3c0,0,72,32.6,158.4,30.5c39.2-0.7,92.8-6.7,134-22.4\tc21.2-8.1,52.2-18.2,79.7-24.2C399.3,7.9,411.6,7.5,421.9,6.5z\"\/>\n<\/svg>\t\t<\/div>\n\t\t\t\t<div class=\"elementor-element elementor-element-7e29e2b premium-blog-align-left elementor-widget elementor-widget-premium-addon-blog\" data-id=\"7e29e2b\" data-element_type=\"widget\" data-settings=\"{&quot;force_height&quot;:&quot;true&quot;,&quot;premium_blog_columns_number&quot;:&quot;33.33%&quot;,&quot;premium_blog_grid&quot;:&quot;yes&quot;,&quot;premium_blog_layout&quot;:&quot;even&quot;,&quot;premium_blog_columns_number_tablet&quot;:&quot;50%&quot;,&quot;premium_blog_columns_number_mobile&quot;:&quot;100%&quot;}\" data-widget_type=\"premium-addon-blog.default\">\n\t\t\t\t<div class=\"elementor-widget-container\">\n\t\t\t\t\t\r\n\t\t\t\t<div class=\"premium-blog-wrap  premium-blog-even\" data-page=\"26177\">\r\n\t\t\t\t\t<div class=\"premium-blog-post-outer-container\" data-total=\"2\">\r\n\t\t\t<div class=\"premium-blog-post-container premium-blog-skin-classic\">\r\n\t\t\t\t\t\t\t\t\t\t\t\t<div class=\"premium-blog-content-wrapper empty-thumb\">\r\n\r\n\t\t\t\t\t<div class=\"premium-blog-inner-container\">\r\n\r\n\t\t\t\t\t\t\t\t\t\t\t\t\t\t<h2 class=\"premium-blog-entry-title\">\r\n\t\t\t<a href=\"https:\/\/bci.md\/en\/modernizarea-transportului-public-in-soroca-si-comrat-pasi-importanti-in-dezvoltarea-urbana\/\" target=\"_blank\">\r\n\t\t\t\tModernizarea transportului public \u00een Soroca \u0219i Comrat: pa\u0219i importan\u021bi \u00een dezvoltarea urban\u0103\t\t\t<\/a>\r\n\t\t<\/h2>\r\n\t\t\t\t<div class=\"premium-blog-entry-meta\">\r\n\t\t\t\r\n\t\t\t\r\n\t\t\t\r\n\t\t\t\t\t<\/div>\r\n\t\t\r\n\t\t\t\t\t<\/div>\r\n\r\n\t\t\t\t\t\t\t<div class=\"premium-blog-content-inner-wrapper\">\r\n\t\t<p class=\"premium-blog-post-content\">\u00cen cadrul proiectului \u201eAfaceri \u0219i Comunit\u0103\u021bi Puternice pentru Moldova\u201d (SBC), implementat de GIZ \u0219i finan\u021bat de Guvernul Federal al Germaniei, Uniunea European\u0103 \u2026<\/p>\t\t<\/div>\r\n\t\t\t\t\t\t\t\r\n\t\t\t\t<\/div>\r\n\t\t\t<\/div>\r\n\t\t<\/div>\r\n\r\n\t\t\t\t<div class=\"premium-blog-post-outer-container\" data-total=\"2\">\r\n\t\t\t<div class=\"premium-blog-post-container premium-blog-skin-classic\">\r\n\t\t\t\t\t\t\t\t\t\t\t\t<div class=\"premium-blog-content-wrapper empty-thumb\">\r\n\r\n\t\t\t\t\t<div class=\"premium-blog-inner-container\">\r\n\r\n\t\t\t\t\t\t\t\t\t\t\t\t\t\t<h2 class=\"premium-blog-entry-title\">\r\n\t\t\t<a href=\"https:\/\/bci.md\/en\/cresterea-rezilientei-si-atractivitatii-autoritatilor-publice-locale-din-moldova-prin-planificare-urbana-imbunatatita-si-dezvoltare-durabila\/\" target=\"_blank\">\r\n\t\t\t\tIncreasing the resilience and attractiveness of local public authorities in Moldova through improved urban planning and sustainable development\t\t\t<\/a>\r\n\t\t<\/h2>\r\n\t\t\t\t<div class=\"premium-blog-entry-meta\">\r\n\t\t\t\r\n\t\t\t\r\n\t\t\t\r\n\t\t\t\t\t<\/div>\r\n\t\t\r\n\t\t\t\t\t<\/div>\r\n\r\n\t\t\t\t\t\t\t<div class=\"premium-blog-content-inner-wrapper\">\r\n\t\t<p class=\"premium-blog-post-content\">Implementation period: January 2024 - June 2026 Financier: European Union Aim: Increasing the resilience and attractiveness of local public authorities in Moldova through ...<\/p>\t\t<\/div>\r\n\t\t\t\t\t\t\t\r\n\t\t\t\t<\/div>\r\n\t\t\t<\/div>\r\n\t\t<\/div>\r\n\r\n\t\t\t\t<div class=\"premium-blog-post-outer-container\" data-total=\"2\">\r\n\t\t\t<div class=\"premium-blog-post-container premium-blog-skin-classic\">\r\n\t\t\t\t\t\t\t\t\t\t\t\t<div class=\"premium-blog-content-wrapper empty-thumb\">\r\n\r\n\t\t\t\t\t<div class=\"premium-blog-inner-container\">\r\n\r\n\t\t\t\t\t\t\t\t\t\t\t\t\t\t<h2 class=\"premium-blog-entry-title\">\r\n\t\t\t<a href=\"https:\/\/bci.md\/en\/proiectul-prim-piete-reziliente-si-incluzive-in-moldova\/\" target=\"_blank\">\r\n\t\t\t\tPRIM Project (Resilient and Inclusive Markets in Moldova)\t\t\t<\/a>\r\n\t\t<\/h2>\r\n\t\t\t\t<div class=\"premium-blog-entry-meta\">\r\n\t\t\t\r\n\t\t\t\r\n\t\t\t\r\n\t\t\t\t\t<\/div>\r\n\t\t\r\n\t\t\t\t\t<\/div>\r\n\r\n\t\t\t\t\t\t\t<div class=\"premium-blog-content-inner-wrapper\">\r\n\t\t<p class=\"premium-blog-post-content\">Implementation period: June 2024 - November 2024 Financier: UNDP Moldova Purpose: Developing entrepreneurial capacities and economic opportunities in three micro-regions ...<\/p>\t\t<\/div>\r\n\t\t\t\t\t\t\t\r\n\t\t\t\t<\/div>\r\n\t\t\t<\/div>\r\n\t\t<\/div>\r\n\r\n\t\t\t\t<div class=\"premium-blog-post-outer-container\" data-total=\"2\">\r\n\t\t\t<div class=\"premium-blog-post-container premium-blog-skin-classic\">\r\n\t\t\t\t\t\t\t\t\t\t\t\t<div class=\"premium-blog-content-wrapper empty-thumb\">\r\n\r\n\t\t\t\t\t<div class=\"premium-blog-inner-container\">\r\n\r\n\t\t\t\t\t\t\t\t\t\t\t\t\t\t<h2 class=\"premium-blog-entry-title\">\r\n\t\t\t<a href=\"https:\/\/bci.md\/en\/servicii-de-suport-pentru-sectorul-privat-in-raioanele-cahul-si-ungheni\/\" target=\"_blank\">\r\n\t\t\t\tSupport services for the private sector in Cahul and Ungheni districts\t\t\t<\/a>\r\n\t\t<\/h2>\r\n\t\t\t\t<div class=\"premium-blog-entry-meta\">\r\n\t\t\t\r\n\t\t\t\r\n\t\t\t\r\n\t\t\t\t\t<\/div>\r\n\t\t\r\n\t\t\t\t\t<\/div>\r\n\r\n\t\t\t\t\t\t\t<div class=\"premium-blog-content-inner-wrapper\">\r\n\t\t<p class=\"premium-blog-post-content\">Implementation period: November 2021 - June 2024 Financier: European Union through the EU4Moldova Program: Focal Regions Purpose: Support for new business development ...<\/p>\t\t<\/div>\r\n\t\t\t\t\t\t\t\r\n\t\t\t\t<\/div>\r\n\t\t\t<\/div>\r\n\t\t<\/div>\r\n\r\n\t\t\t\t<\/div>\r\n\r\n\t\t\t\t\t\t<\/div>\n\t\t\t\t<\/div>\n\t\t\t\t\t<\/div>\n\t\t\t\t<\/div>\n\t\t\t\t<\/div>","protected":false},"excerpt":{"rendered":"<p>Proiecte curente Promovarea antreprenoriatului \u00een dezvoltarea zonelor rurale (etapa I \u015fi etapa II ) Perioada de implementare :\u00a0August 2014 \u2013 Iunie 2015; August 2015 \u2013 Iunie 2016\u00a0 &nbsp; Parteneri:\u00a0Centre \u00a0for Pure Development (Estonia) \u015fi Incubatorul de \u2026 Crearea oportunit\u0103\u021bilor ocupa\u021bionale prin sus\u021binerea tinerilor din Zona de securitate \u00een ini\u021bierea unei afaceri Perioada de implementare:\u00a0septembrie 2015 \u2013 aprilie 2017 Finan\u021bator:\u00a0Uniunea European\u0103 prin\u00a0Programul \u201eSus\u021binerea M\u0103surilor de Promovare a \u00cencrederii\u201d al\u00a0Programului Na\u021biunilor Unite pentru Dezvoltare Scop:\u00a0\u00a0Sprijinirea \u2026 Servicii de consultan\u021b\u0103 pentru sus\u021binerea comunit\u0103\u021bilor din UTA G\u0103g\u0103uzia \u0219i raionul Taraclia \u00een procesele de planificare strategic\u0103 local\u0103 \u0219i mobilizare a comunit\u0103\u021bii Perioada de implementare:\u00a0iulie 2016 \u2013 octombrie 2018 Finan\u021bator:\u00a0Uniunea European\u0103 prin\u00a0Programul SARD, Programul Na\u021biunilor Unite pentru Dezvoltare Scop:\u00a0S\u0103 intensifice colaborarea \u00eentre autorit\u0103\u0163ile publice \u2026<\/p>","protected":false},"author":1,"featured_media":0,"parent":0,"menu_order":0,"comment_status":"closed","ping_status":"closed","template":"","meta":{"site-sidebar-layout":"no-sidebar","site-content-layout":"page-builder","ast-site-content-layout":"","site-content-style":"default","site-sidebar-style":"default","ast-global-header-display":"","ast-banner-title-visibility":"","ast-main-header-display":"","ast-hfb-above-header-display":"","ast-hfb-below-header-display":"","ast-hfb-mobile-header-display":"","site-post-title":"disabled","ast-breadcrumbs-content":"","ast-featured-img":"disabled","footer-sml-layout":"","theme-transparent-header-meta":"enabled","adv-header-id-meta":"","stick-header-meta":"","header-above-stick-meta":"","header-main-stick-meta":"","header-below-stick-meta":"","astra-migrate-meta-layouts":"default","ast-page-background-enabled":"default","ast-page-background-meta":{"desktop":{"background-color":"","background-image":"","background-repeat":"repeat","background-position":"center center","background-size":"auto","background-attachment":"scroll","background-type":"","background-media":"","overlay-type":"","overlay-color":"","overlay-opacity":"","overlay-gradient":""},"tablet":{"background-color":"","background-image":"","background-repeat":"repeat","background-position":"center center","background-size":"auto","background-attachment":"scroll","background-type":"","background-media":"","overlay-type":"","overlay-color":"","overlay-opacity":"","overlay-gradient":""},"mobile":{"background-color":"","background-image":"","background-repeat":"repeat","background-position":"center center","background-size":"auto","background-attachment":"scroll","background-type":"","background-media":"","overlay-type":"","overlay-color":"","overlay-opacity":"","overlay-gradient":""}},"ast-content-background-meta":{"desktop":{"background-color":"var(--ast-global-color-5)","background-image":"","background-repeat":"repeat","background-position":"center center","background-size":"auto","background-attachment":"scroll","background-type":"","background-media":"","overlay-type":"","overlay-color":"","overlay-opacity":"","overlay-gradient":""},"tablet":{"background-color":"var(--ast-global-color-5)","background-image":"","background-repeat":"repeat","background-position":"center center","background-size":"auto","background-attachment":"scroll","background-type":"","background-media":"","overlay-type":"","overlay-color":"","overlay-opacity":"","overlay-gradient":""},"mobile":{"background-color":"var(--ast-global-color-5)","background-image":"","background-repeat":"repeat","background-position":"center center","background-size":"auto","background-attachment":"scroll","background-type":"","background-media":"","overlay-type":"","overlay-color":"","overlay-opacity":"","overlay-gradient":""}},"footnotes":""},"class_list":["post-26177","page","type-page","status-publish","hentry"],"_links":{"self":[{"href":"https:\/\/bci.md\/en\/wp-json\/wp\/v2\/pages\/26177","targetHints":{"allow":["GET"]}}],"collection":[{"href":"https:\/\/bci.md\/en\/wp-json\/wp\/v2\/pages"}],"about":[{"href":"https:\/\/bci.md\/en\/wp-json\/wp\/v2\/types\/page"}],"author":[{"embeddable":true,"href":"https:\/\/bci.md\/en\/wp-json\/wp\/v2\/users\/1"}],"replies":[{"embeddable":true,"href":"https:\/\/bci.md\/en\/wp-json\/wp\/v2\/comments?post=26177"}],"version-history":[{"count":0,"href":"https:\/\/bci.md\/en\/wp-json\/wp\/v2\/pages\/26177\/revisions"}],"wp:attachment":[{"href":"https:\/\/bci.md\/en\/wp-json\/wp\/v2\/media?parent=26177"}],"curies":[{"name":"wp","href":"https:\/\/api.w.org\/{rel}","templated":true}]}}