{"id":26190,"date":"2024-06-25T12:34:36","date_gmt":"2024-06-25T12:34:36","guid":{"rendered":"https:\/\/bci.md\/?page_id=26190"},"modified":"2024-07-30T08:17:31","modified_gmt":"2024-07-30T08:17:31","slug":"publicatii","status":"publish","type":"page","link":"https:\/\/bci.md\/en\/publicatii\/","title":{"rendered":"Publications"},"content":{"rendered":"<div data-elementor-type=\"wp-post\" data-elementor-id=\"26190\" class=\"elementor elementor-26190\">\n\t\t\t\t<div class=\"elementor-element elementor-element-42ba466 e-flex e-con-boxed wpr-particle-no wpr-jarallax-no wpr-parallax-no wpr-sticky-section-no e-con e-parent\" data-id=\"42ba466\" data-element_type=\"container\" data-settings=\"{&quot;background_background&quot;:&quot;classic&quot;}\">\n\t\t\t\t\t<div class=\"e-con-inner\">\n\t\t<div class=\"elementor-element elementor-element-9ff2613 e-con-full e-flex wpr-particle-no wpr-jarallax-no wpr-parallax-no wpr-sticky-section-no e-con e-child\" data-id=\"9ff2613\" data-element_type=\"container\">\n\t\t\t\t<div class=\"elementor-element elementor-element-64ec3f7 elementor-widget elementor-widget-heading\" data-id=\"64ec3f7\" data-element_type=\"widget\" data-widget_type=\"heading.default\">\n\t\t\t\t<div class=\"elementor-widget-container\">\n\t\t\t\t\t<h2 class=\"elementor-heading-title elementor-size-default\">Publications\n<\/h2>\t\t\t\t<\/div>\n\t\t\t\t<\/div>\n\t\t\t\t<\/div>\n\t\t\t\t\t<\/div>\n\t\t\t\t<\/div>\n\t\t<div class=\"elementor-element elementor-element-aab225f e-flex e-con-boxed wpr-particle-no wpr-jarallax-no wpr-parallax-no wpr-sticky-section-no e-con e-parent\" data-id=\"aab225f\" data-element_type=\"container\" data-settings=\"{&quot;shape_divider_bottom&quot;:&quot;waves&quot;}\">\n\t\t\t\t\t<div class=\"e-con-inner\">\n\t\t\t\t<div class=\"elementor-shape elementor-shape-bottom\" data-negative=\"false\">\n\t\t\t<svg xmlns=\"http:\/\/www.w3.org\/2000\/svg\" viewbox=\"0 0 1000 100\" preserveaspectratio=\"none\">\n\t<path class=\"elementor-shape-fill\" d=\"M421.9,6.5c22.6-2.5,51.5,0.4,75.5,5.3c23.6,4.9,70.9,23.5,100.5,35.7c75.8,32.2,133.7,44.5,192.6,49.7\tc23.6,2.1,48.7,3.5,103.4-2.5c54.7-6,106.2-25.6,106.2-25.6V0H0v30.3c0,0,72,32.6,158.4,30.5c39.2-0.7,92.8-6.7,134-22.4\tc21.2-8.1,52.2-18.2,79.7-24.2C399.3,7.9,411.6,7.5,421.9,6.5z\"\/>\n<\/svg>\t\t<\/div>\n\t\t<div class=\"elementor-element elementor-element-d933532 e-flex e-con-boxed wpr-particle-no wpr-jarallax-no wpr-parallax-no wpr-sticky-section-no e-con e-child\" data-id=\"d933532\" data-element_type=\"container\">\n\t\t\t\t\t<div class=\"e-con-inner\">\n\t\t<div class=\"elementor-element elementor-element-226ab8f e-flex e-con-boxed wpr-particle-no wpr-jarallax-no wpr-parallax-no wpr-sticky-section-no e-con e-child\" data-id=\"226ab8f\" data-element_type=\"container\" data-settings=\"{&quot;background_background&quot;:&quot;classic&quot;}\">\n\t\t\t\t\t<div class=\"e-con-inner\">\n\t\t\t\t<div class=\"elementor-element elementor-element-219e11b elementor-widget elementor-widget-heading\" data-id=\"219e11b\" data-element_type=\"widget\" data-widget_type=\"heading.default\">\n\t\t\t\t<div class=\"elementor-widget-container\">\n\t\t\t\t\t<h4 class=\"elementor-heading-title elementor-size-default\"><a href=\"https:\/\/bci.md\/wp-content\/uploads\/2024\/07\/Descentralizare-si-Autonomie-Locala_brosura.pdf\">Decentralization and Local Autonomy: European Models for the Republic of Moldova<\/a><\/h4>\t\t\t\t<\/div>\n\t\t\t\t<\/div>\n\t\t\t\t<div class=\"elementor-element elementor-element-21e3ee4 elementor-widget elementor-widget-image\" data-id=\"21e3ee4\" data-element_type=\"widget\" data-widget_type=\"image.default\">\n\t\t\t\t<div class=\"elementor-widget-container\">\n\t\t\t\t\t\t\t\t\t\t\t\t\t\t\t\t<a href=\"https:\/\/bci.md\/wp-content\/uploads\/2024\/07\/Descentralizare-si-Autonomie-Locala_brosura.pdf\">\n\t\t\t\t\t\t\t<img fetchpriority=\"high\" decoding=\"async\" width=\"704\" height=\"1024\" src=\"https:\/\/bci.md\/wp-content\/uploads\/2024\/07\/sait_coperta-704x1024.jpg\" class=\"attachment-large size-large wp-image-26488\" alt=\"\" srcset=\"https:\/\/bci.md\/wp-content\/uploads\/2024\/07\/sait_coperta-704x1024.jpg 704w, https:\/\/bci.md\/wp-content\/uploads\/2024\/07\/sait_coperta-206x300.jpg 206w, https:\/\/bci.md\/wp-content\/uploads\/2024\/07\/sait_coperta-768x1117.jpg 768w, https:\/\/bci.md\/wp-content\/uploads\/2024\/07\/sait_coperta-1057x1536.jpg 1057w, https:\/\/bci.md\/wp-content\/uploads\/2024\/07\/sait_coperta-600x872.jpg 600w, https:\/\/bci.md\/wp-content\/uploads\/2024\/07\/sait_coperta.jpg 1300w\" sizes=\"(max-width: 704px) 100vw, 704px\" \/>\t\t\t\t\t\t\t\t<\/a>\n\t\t\t\t\t\t\t\t\t\t\t\t\t\t\t<\/div>\n\t\t\t\t<\/div>\n\t\t\t\t\t<\/div>\n\t\t\t\t<\/div>\n\t\t<div class=\"elementor-element elementor-element-7ffc32f e-flex e-con-boxed wpr-particle-no wpr-jarallax-no wpr-parallax-no wpr-sticky-section-no e-con e-child\" data-id=\"7ffc32f\" data-element_type=\"container\" data-settings=\"{&quot;background_background&quot;:&quot;classic&quot;}\">\n\t\t\t\t\t<div class=\"e-con-inner\">\n\t\t\t\t<div class=\"elementor-element elementor-element-245e54f elementor-widget elementor-widget-heading\" data-id=\"245e54f\" data-element_type=\"widget\" data-widget_type=\"heading.default\">\n\t\t\t\t<div class=\"elementor-widget-container\">\n\t\t\t\t\t<h4 class=\"elementor-heading-title elementor-size-default\"><a href=\"https:\/\/bci.md\/wp-content\/uploads\/2024\/06\/Comunicat-de-Presa-Conferinta-Profesori_DAS_TUIASI.pdf\">Best entrepreneurial practices<\/a><\/h4>\t\t\t\t<\/div>\n\t\t\t\t<\/div>\n\t\t\t\t<div class=\"elementor-element elementor-element-b8a0dfc elementor-widget elementor-widget-image\" data-id=\"b8a0dfc\" data-element_type=\"widget\" data-widget_type=\"image.default\">\n\t\t\t\t<div class=\"elementor-widget-container\">\n\t\t\t\t\t\t\t\t\t\t\t\t\t\t\t<img decoding=\"async\" width=\"402\" height=\"580\" src=\"https:\/\/bci.md\/wp-content\/uploads\/2024\/07\/2_Bune_practici_antreprenoriale.jpg\" class=\"attachment-large size-large wp-image-26487\" alt=\"\" srcset=\"https:\/\/bci.md\/wp-content\/uploads\/2024\/07\/2_Bune_practici_antreprenoriale.jpg 402w, https:\/\/bci.md\/wp-content\/uploads\/2024\/07\/2_Bune_practici_antreprenoriale-208x300.jpg 208w\" sizes=\"(max-width: 402px) 100vw, 402px\" \/>\t\t\t\t\t\t\t\t\t\t\t\t\t\t\t<\/div>\n\t\t\t\t<\/div>\n\t\t\t\t\t<\/div>\n\t\t\t\t<\/div>\n\t\t<div class=\"elementor-element elementor-element-0deb752 e-flex e-con-boxed wpr-particle-no wpr-jarallax-no wpr-parallax-no wpr-sticky-section-no e-con e-child\" data-id=\"0deb752\" data-element_type=\"container\" data-settings=\"{&quot;background_background&quot;:&quot;classic&quot;}\">\n\t\t\t\t\t<div class=\"e-con-inner\">\n\t\t\t\t<div class=\"elementor-element elementor-element-b981aa1 elementor-widget elementor-widget-heading\" data-id=\"b981aa1\" data-element_type=\"widget\" data-widget_type=\"heading.default\">\n\t\t\t\t<div class=\"elementor-widget-container\">\n\t\t\t\t\t<h4 class=\"elementor-heading-title elementor-size-default\"><a href=\"https:\/\/bci.md\/wp-content\/uploads\/2024\/06\/Comunicat-de-Presa-Conferinta-Lansare.pdf\">Performance-based budgeting <\/a><\/h4>\t\t\t\t<\/div>\n\t\t\t\t<\/div>\n\t\t\t\t<div class=\"elementor-element elementor-element-9b77525 elementor-widget elementor-widget-image\" data-id=\"9b77525\" data-element_type=\"widget\" data-widget_type=\"image.default\">\n\t\t\t\t<div class=\"elementor-widget-container\">\n\t\t\t\t\t\t\t\t\t\t\t\t\t\t\t<img decoding=\"async\" width=\"449\" height=\"632\" src=\"https:\/\/bci.md\/wp-content\/uploads\/2024\/07\/Bugetarea_de_performan.jpg\" class=\"attachment-large size-large wp-image-26486\" alt=\"\" srcset=\"https:\/\/bci.md\/wp-content\/uploads\/2024\/07\/Bugetarea_de_performan.jpg 449w, https:\/\/bci.md\/wp-content\/uploads\/2024\/07\/Bugetarea_de_performan-213x300.jpg 213w\" sizes=\"(max-width: 449px) 100vw, 449px\" \/>\t\t\t\t\t\t\t\t\t\t\t\t\t\t\t<\/div>\n\t\t\t\t<\/div>\n\t\t\t\t\t<\/div>\n\t\t\t\t<\/div>\n\t\t\t\t\t<\/div>\n\t\t\t\t<\/div>\n\t\t\t\t\t<\/div>\n\t\t\t\t<\/div>\n\t\t<div class=\"elementor-element elementor-element-17410f2 e-flex e-con-boxed wpr-particle-no wpr-jarallax-no wpr-parallax-no wpr-sticky-section-no e-con e-parent\" data-id=\"17410f2\" data-element_type=\"container\" data-settings=\"{&quot;shape_divider_bottom&quot;:&quot;waves&quot;}\">\n\t\t\t\t\t<div class=\"e-con-inner\">\n\t\t\t\t<div class=\"elementor-shape elementor-shape-bottom\" data-negative=\"false\">\n\t\t\t<svg xmlns=\"http:\/\/www.w3.org\/2000\/svg\" viewbox=\"0 0 1000 100\" preserveaspectratio=\"none\">\n\t<path class=\"elementor-shape-fill\" d=\"M421.9,6.5c22.6-2.5,51.5,0.4,75.5,5.3c23.6,4.9,70.9,23.5,100.5,35.7c75.8,32.2,133.7,44.5,192.6,49.7\tc23.6,2.1,48.7,3.5,103.4-2.5c54.7-6,106.2-25.6,106.2-25.6V0H0v30.3c0,0,72,32.6,158.4,30.5c39.2-0.7,92.8-6.7,134-22.4\tc21.2-8.1,52.2-18.2,79.7-24.2C399.3,7.9,411.6,7.5,421.9,6.5z\"\/>\n<\/svg>\t\t<\/div>\n\t\t<div class=\"elementor-element elementor-element-ee25723 e-flex e-con-boxed wpr-particle-no wpr-jarallax-no wpr-parallax-no wpr-sticky-section-no e-con e-child\" data-id=\"ee25723\" data-element_type=\"container\">\n\t\t\t\t\t<div class=\"e-con-inner\">\n\t\t<div class=\"elementor-element elementor-element-8b5da6e e-flex e-con-boxed wpr-particle-no wpr-jarallax-no wpr-parallax-no wpr-sticky-section-no e-con e-child\" data-id=\"8b5da6e\" data-element_type=\"container\" data-settings=\"{&quot;background_background&quot;:&quot;classic&quot;}\">\n\t\t\t\t\t<div class=\"e-con-inner\">\n\t\t\t\t<div class=\"elementor-element elementor-element-64fcdc0 elementor-widget elementor-widget-heading\" data-id=\"64fcdc0\" data-element_type=\"widget\" data-widget_type=\"heading.default\">\n\t\t\t\t<div class=\"elementor-widget-container\">\n\t\t\t\t\t<h4 class=\"elementor-heading-title elementor-size-default\">How to Start a Business: A Practical Guide for Entrepreneurs \n\n<\/h4>\t\t\t\t<\/div>\n\t\t\t\t<\/div>\n\t\t\t\t<div class=\"elementor-element elementor-element-f9f2802 elementor-widget elementor-widget-image\" data-id=\"f9f2802\" data-element_type=\"widget\" data-widget_type=\"image.default\">\n\t\t\t\t<div class=\"elementor-widget-container\">\n\t\t\t\t\t\t\t\t\t\t\t\t\t\t\t<img loading=\"lazy\" decoding=\"async\" width=\"834\" height=\"1024\" src=\"https:\/\/bci.md\/wp-content\/uploads\/2024\/07\/Coperta_ghid-834x1024.jpg\" class=\"attachment-large size-large wp-image-26707\" alt=\"\" srcset=\"https:\/\/bci.md\/wp-content\/uploads\/2024\/07\/Coperta_ghid-834x1024.jpg 834w, https:\/\/bci.md\/wp-content\/uploads\/2024\/07\/Coperta_ghid-244x300.jpg 244w, https:\/\/bci.md\/wp-content\/uploads\/2024\/07\/Coperta_ghid-768x943.jpg 768w, https:\/\/bci.md\/wp-content\/uploads\/2024\/07\/Coperta_ghid-1252x1536.jpg 1252w, https:\/\/bci.md\/wp-content\/uploads\/2024\/07\/Coperta_ghid-1669x2048.jpg 1669w, https:\/\/bci.md\/wp-content\/uploads\/2024\/07\/Coperta_ghid-600x736.jpg 600w, https:\/\/bci.md\/wp-content\/uploads\/2024\/07\/Coperta_ghid.jpg 1984w\" sizes=\"(max-width: 834px) 100vw, 834px\" \/>\t\t\t\t\t\t\t\t\t\t\t\t\t\t\t<\/div>\n\t\t\t\t<\/div>\n\t\t\t\t<div class=\"elementor-element elementor-element-9cb9283 elementor-widget elementor-widget-text-editor\" data-id=\"9cb9283\" data-element_type=\"widget\" data-widget_type=\"text-editor.default\">\n\t\t\t\t<div class=\"elementor-widget-container\">\n\t\t\t\t\t\t\t\t\t<p>This guide was produced as part of the project \u201cEncouraging the Innovative Use of Remittances in Productive Rural Investments.\u201d The guide aims to develop the entrepreneurial and managerial capacities of returnees and remittance recipients to increase investments from money transferred from abroad. It provides interested parties with all the necessary consulting for starting and managing their own business, which would transform remittances into new income for the beneficiaries. \u00a0<\/p>\t\t\t\t\t\t\t\t<\/div>\n\t\t\t\t<\/div>\n\t\t\t\t\t<\/div>\n\t\t\t\t<\/div>\n\t\t<div class=\"elementor-element elementor-element-afadd06 e-flex e-con-boxed wpr-particle-no wpr-jarallax-no wpr-parallax-no wpr-sticky-section-no e-con e-child\" data-id=\"afadd06\" data-element_type=\"container\" data-settings=\"{&quot;background_background&quot;:&quot;classic&quot;}\">\n\t\t\t\t\t<div class=\"e-con-inner\">\n\t\t\t\t<div class=\"elementor-element elementor-element-b8e5ddd elementor-widget elementor-widget-heading\" data-id=\"b8e5ddd\" data-element_type=\"widget\" data-widget_type=\"heading.default\">\n\t\t\t\t<div class=\"elementor-widget-container\">\n\t\t\t\t\t<h4 class=\"elementor-heading-title elementor-size-default\">Cross-border Cooperation Guide \n\n<\/h4>\t\t\t\t<\/div>\n\t\t\t\t<\/div>\n\t\t\t\t<div class=\"elementor-element elementor-element-a320d56 elementor-widget elementor-widget-image\" data-id=\"a320d56\" data-element_type=\"widget\" data-widget_type=\"image.default\">\n\t\t\t\t<div class=\"elementor-widget-container\">\n\t\t\t\t\t\t\t\t\t\t\t\t\t\t\t<img loading=\"lazy\" decoding=\"async\" width=\"697\" height=\"1024\" src=\"https:\/\/bci.md\/wp-content\/uploads\/2024\/07\/ghid_coop_tranfr_alb_-697x1024.jpg\" class=\"attachment-large size-large wp-image-26708\" alt=\"\" srcset=\"https:\/\/bci.md\/wp-content\/uploads\/2024\/07\/ghid_coop_tranfr_alb_-697x1024.jpg 697w, https:\/\/bci.md\/wp-content\/uploads\/2024\/07\/ghid_coop_tranfr_alb_-204x300.jpg 204w, https:\/\/bci.md\/wp-content\/uploads\/2024\/07\/ghid_coop_tranfr_alb_-768x1128.jpg 768w, https:\/\/bci.md\/wp-content\/uploads\/2024\/07\/ghid_coop_tranfr_alb_-1046x1536.jpg 1046w, https:\/\/bci.md\/wp-content\/uploads\/2024\/07\/ghid_coop_tranfr_alb_-1394x2048.jpg 1394w, https:\/\/bci.md\/wp-content\/uploads\/2024\/07\/ghid_coop_tranfr_alb_-600x881.jpg 600w, https:\/\/bci.md\/wp-content\/uploads\/2024\/07\/ghid_coop_tranfr_alb_-scaled.jpg 1743w\" sizes=\"(max-width: 697px) 100vw, 697px\" \/>\t\t\t\t\t\t\t\t\t\t\t\t\t\t\t<\/div>\n\t\t\t\t<\/div>\n\t\t\t\t<div class=\"elementor-element elementor-element-6084556 elementor-widget elementor-widget-text-editor\" data-id=\"6084556\" data-element_type=\"widget\" data-widget_type=\"text-editor.default\">\n\t\t\t\t<div class=\"elementor-widget-container\">\n\t\t\t\t\t\t\t\t\t<p><em>The Cross-border Cooperation Guide\u00a0<\/em>The second edition of the Cross-border Cooperation Guide presents the concept of cross-border cooperation, national and international experiences, legislative framework, techniques and methods, examples of best practices in the field of cross-border cooperation, and funding for cross-border activities. It is a practical work designed for public authorities in the Republic of Moldova, civil society institutions, and businesses in border areas, and can also serve as a manual for students, doctoral candidates, and educators. \u00a0\u00a0<\/p>\t\t\t\t\t\t\t\t<\/div>\n\t\t\t\t<\/div>\n\t\t\t\t\t<\/div>\n\t\t\t\t<\/div>\n\t\t<div class=\"elementor-element elementor-element-ea7e35e e-flex e-con-boxed wpr-particle-no wpr-jarallax-no wpr-parallax-no wpr-sticky-section-no e-con e-child\" data-id=\"ea7e35e\" data-element_type=\"container\" data-settings=\"{&quot;background_background&quot;:&quot;classic&quot;}\">\n\t\t\t\t\t<div class=\"e-con-inner\">\n\t\t\t\t<div class=\"elementor-element elementor-element-302ca6f elementor-widget elementor-widget-heading\" data-id=\"302ca6f\" data-element_type=\"widget\" data-widget_type=\"heading.default\">\n\t\t\t\t<div class=\"elementor-widget-container\">\n\t\t\t\t\t<h4 class=\"elementor-heading-title elementor-size-default\">Development of Human Resources and Internal Audit Capacities: Recommendations for Local Public Authorities in Moldova \n\n<\/h4>\t\t\t\t<\/div>\n\t\t\t\t<\/div>\n\t\t\t\t<div class=\"elementor-element elementor-element-0bce75a elementor-widget elementor-widget-image\" data-id=\"0bce75a\" data-element_type=\"widget\" data-widget_type=\"image.default\">\n\t\t\t\t<div class=\"elementor-widget-container\">\n\t\t\t\t\t\t\t\t\t\t\t\t\t\t\t<img loading=\"lazy\" decoding=\"async\" width=\"697\" height=\"1024\" src=\"https:\/\/bci.md\/wp-content\/uploads\/2024\/07\/Coperta_audit_intern-697x1024.jpg\" class=\"attachment-large size-large wp-image-26709\" alt=\"\" srcset=\"https:\/\/bci.md\/wp-content\/uploads\/2024\/07\/Coperta_audit_intern-697x1024.jpg 697w, https:\/\/bci.md\/wp-content\/uploads\/2024\/07\/Coperta_audit_intern-204x300.jpg 204w, https:\/\/bci.md\/wp-content\/uploads\/2024\/07\/Coperta_audit_intern-768x1129.jpg 768w, https:\/\/bci.md\/wp-content\/uploads\/2024\/07\/Coperta_audit_intern-1045x1536.jpg 1045w, https:\/\/bci.md\/wp-content\/uploads\/2024\/07\/Coperta_audit_intern-600x882.jpg 600w, https:\/\/bci.md\/wp-content\/uploads\/2024\/07\/Coperta_audit_intern.jpg 1346w\" sizes=\"(max-width: 697px) 100vw, 697px\" \/>\t\t\t\t\t\t\t\t\t\t\t\t\t\t\t<\/div>\n\t\t\t\t<\/div>\n\t\t\t\t<div class=\"elementor-element elementor-element-3a705cf elementor-widget elementor-widget-text-editor\" data-id=\"3a705cf\" data-element_type=\"widget\" data-widget_type=\"text-editor.default\">\n\t\t\t\t<div class=\"elementor-widget-container\">\n\t\t\t\t\t\t\t\t\t<p>This study is not an internal audit or internal control manual or a guide on financial control in the sense of \"financial auditing.\" It presents the role of internal audit and internal control in the modern sense\u2014ensuring good governance in the public sector.\u00a0<\/p>\t\t\t\t\t\t\t\t<\/div>\n\t\t\t\t<\/div>\n\t\t\t\t\t<\/div>\n\t\t\t\t<\/div>\n\t\t\t\t\t<\/div>\n\t\t\t\t<\/div>\n\t\t\t\t\t<\/div>\n\t\t\t\t<\/div>\n\t\t\t\t<\/div>","protected":false},"excerpt":{"rendered":"<p>Publica\u0163ii Descentralizare \u0219i Autonomie Local\u0103. Modele europene pentru Republica Moldova Bune practici antreprenoriale Bugetarea pe baz\u0103 de performan\u0163\u0103 Cum s\u0103-\u0163i \u00eenfiin\u0163ezi o afacere. Ghid practic pentru antreprenori Ghidul de fa\u0163\u0103 a ap\u0103rut \u00een cadrul proiectului \u201c\u00cencurajarea utiliz\u0103rii inovatoare a remiten\u0163elor \u00een investi\u0163iile rurale productive\u201d. Ghidul are ca scop dezvoltarea capacit\u0103\u0163ilor antreprenoriale \u015fi manageriale ale emigran\u0163ilor re\u00eentor\u015fi \u00een \u0163ar\u0103, precum \u015fi ale beneficiarilor de remiten\u0163e, \u00een vederea cre\u015fterii investi\u0163iilor din banii transfera\u0163i din afara \u0163\u0103rii. Ghidul ofer\u0103 celor interesa\u0163i toat\u0103 consultan\u0163a necesar\u0103 pentru lansarea \u015fi gestionarea unei afaceri proprii, care ar transforma remiten\u0163ele \u00een noi venituri pentru cei c are beneficiaz\u0103 de ele. \u00a0 Ghid de cooperare transfrontalier\u0103 Ghidul de cooperare transfrontalier\u0103,\u00a0aflat la edi\u0163ia a doua, prezint\u0103 conceptul de cooperare transfrontalier\u0103, experien\u0163a na\u0163ional\u0103 \u015fi interna\u0163ional\u0103, cadrul legislativ, tehnici \u015fi metode, exemple de bune practici \u00een domeniul cooper\u0103rii transfrontaliere, finan\u0163area activit\u0103\u0163ilor de cooperare transfrontalier\u0103. Acesta este o lucrare practic\u0103 ce a fost conceput\u0103 pentru autorit\u0103\u0163ile publice din Republica Moldova, institu\u0163iile societ\u0103\u0163ii civile \u015fi agen\u0163ii economici din zonele de frontier\u0103 \u015fi poate servi ca manual pentru studen\u0163i, doctoranzi \u015fi cadrele didactice. \u00a0\u00a0 Dezvoltarea resurselor umane \u015fi a capacit\u0103\u0163ilor de audit intern: recomand\u0103ri pentru autorit\u0103\u0163ile publice locale din Moldova Studiul de fa\u0163\u0103 nu este un manual de audit intern sau control intern sau un ghid privind controlul financiar, \u00een \u00een\u0163elesul \u201ereviziei financiare\u201d. Aceasta prezint\u0103 rolul pe care \u00eel au auditul intern \u015fi controlul intern \u00een sensul modern \u2013 de asigurare a bunei guvern\u0103ri \u00een sectorul public.\u00a0<\/p>","protected":false},"author":1,"featured_media":0,"parent":0,"menu_order":0,"comment_status":"closed","ping_status":"closed","template":"","meta":{"site-sidebar-layout":"no-sidebar","site-content-layout":"page-builder","ast-site-content-layout":"","site-content-style":"default","site-sidebar-style":"default","ast-global-header-display":"","ast-banner-title-visibility":"","ast-main-header-display":"","ast-hfb-above-header-display":"","ast-hfb-below-header-display":"","ast-hfb-mobile-header-display":"","site-post-title":"disabled","ast-breadcrumbs-content":"","ast-featured-img":"disabled","footer-sml-layout":"","theme-transparent-header-meta":"enabled","adv-header-id-meta":"","stick-header-meta":"","header-above-stick-meta":"","header-main-stick-meta":"","header-below-stick-meta":"","astra-migrate-meta-layouts":"default","ast-page-background-enabled":"default","ast-page-background-meta":{"desktop":{"background-color":"","background-image":"","background-repeat":"repeat","background-position":"center center","background-size":"auto","background-attachment":"scroll","background-type":"","background-media":"","overlay-type":"","overlay-color":"","overlay-opacity":"","overlay-gradient":""},"tablet":{"background-color":"","background-image":"","background-repeat":"repeat","background-position":"center center","background-size":"auto","background-attachment":"scroll","background-type":"","background-media":"","overlay-type":"","overlay-color":"","overlay-opacity":"","overlay-gradient":""},"mobile":{"background-color":"","background-image":"","background-repeat":"repeat","background-position":"center center","background-size":"auto","background-attachment":"scroll","background-type":"","background-media":"","overlay-type":"","overlay-color":"","overlay-opacity":"","overlay-gradient":""}},"ast-content-background-meta":{"desktop":{"background-color":"var(--ast-global-color-5)","background-image":"","background-repeat":"repeat","background-position":"center center","background-size":"auto","background-attachment":"scroll","background-type":"","background-media":"","overlay-type":"","overlay-color":"","overlay-opacity":"","overlay-gradient":""},"tablet":{"background-color":"var(--ast-global-color-5)","background-image":"","background-repeat":"repeat","background-position":"center center","background-size":"auto","background-attachment":"scroll","background-type":"","background-media":"","overlay-type":"","overlay-color":"","overlay-opacity":"","overlay-gradient":""},"mobile":{"background-color":"var(--ast-global-color-5)","background-image":"","background-repeat":"repeat","background-position":"center center","background-size":"auto","background-attachment":"scroll","background-type":"","background-media":"","overlay-type":"","overlay-color":"","overlay-opacity":"","overlay-gradient":""}},"footnotes":""},"class_list":["post-26190","page","type-page","status-publish","hentry"],"_links":{"self":[{"href":"https:\/\/bci.md\/en\/wp-json\/wp\/v2\/pages\/26190","targetHints":{"allow":["GET"]}}],"collection":[{"href":"https:\/\/bci.md\/en\/wp-json\/wp\/v2\/pages"}],"about":[{"href":"https:\/\/bci.md\/en\/wp-json\/wp\/v2\/types\/page"}],"author":[{"embeddable":true,"href":"https:\/\/bci.md\/en\/wp-json\/wp\/v2\/users\/1"}],"replies":[{"embeddable":true,"href":"https:\/\/bci.md\/en\/wp-json\/wp\/v2\/comments?post=26190"}],"version-history":[{"count":0,"href":"https:\/\/bci.md\/en\/wp-json\/wp\/v2\/pages\/26190\/revisions"}],"wp:attachment":[{"href":"https:\/\/bci.md\/en\/wp-json\/wp\/v2\/media?parent=26190"}],"curies":[{"name":"wp","href":"https:\/\/api.w.org\/{rel}","templated":true}]}}