{"id":26205,"date":"2024-06-25T13:00:03","date_gmt":"2024-06-25T13:00:03","guid":{"rendered":"https:\/\/bci.md\/?page_id=26205"},"modified":"2024-07-08T12:41:59","modified_gmt":"2024-07-08T12:41:59","slug":"buletin-informativ","status":"publish","type":"page","link":"https:\/\/bci.md\/en\/buletin-informativ\/","title":{"rendered":"Newsletter"},"content":{"rendered":"<div data-elementor-type=\"wp-post\" data-elementor-id=\"26205\" class=\"elementor elementor-26205\">\n\t\t\t\t<div class=\"elementor-element elementor-element-42ba466 e-flex e-con-boxed wpr-particle-no wpr-jarallax-no wpr-parallax-no wpr-sticky-section-no e-con e-parent\" data-id=\"42ba466\" data-element_type=\"container\" data-settings=\"{&quot;background_background&quot;:&quot;classic&quot;}\">\n\t\t\t\t\t<div class=\"e-con-inner\">\n\t\t<div class=\"elementor-element elementor-element-9ff2613 e-con-full e-flex wpr-particle-no wpr-jarallax-no wpr-parallax-no wpr-sticky-section-no e-con e-child\" data-id=\"9ff2613\" data-element_type=\"container\">\n\t\t\t\t<div class=\"elementor-element elementor-element-64ec3f7 elementor-widget elementor-widget-heading\" data-id=\"64ec3f7\" data-element_type=\"widget\" data-widget_type=\"heading.default\">\n\t\t\t\t<div class=\"elementor-widget-container\">\n\t\t\t\t\t<h2 class=\"elementor-heading-title elementor-size-default\">Newsletter\n<\/h2>\t\t\t\t<\/div>\n\t\t\t\t<\/div>\n\t\t\t\t<\/div>\n\t\t\t\t\t<\/div>\n\t\t\t\t<\/div>\n\t\t<div class=\"elementor-element elementor-element-aab225f e-flex e-con-boxed wpr-particle-no wpr-jarallax-no wpr-parallax-no wpr-sticky-section-no e-con e-parent\" data-id=\"aab225f\" data-element_type=\"container\" data-settings=\"{&quot;shape_divider_bottom&quot;:&quot;waves&quot;}\">\n\t\t\t\t\t<div class=\"e-con-inner\">\n\t\t\t\t<div class=\"elementor-shape elementor-shape-bottom\" data-negative=\"false\">\n\t\t\t<svg xmlns=\"http:\/\/www.w3.org\/2000\/svg\" viewbox=\"0 0 1000 100\" preserveaspectratio=\"none\">\n\t<path class=\"elementor-shape-fill\" d=\"M421.9,6.5c22.6-2.5,51.5,0.4,75.5,5.3c23.6,4.9,70.9,23.5,100.5,35.7c75.8,32.2,133.7,44.5,192.6,49.7\tc23.6,2.1,48.7,3.5,103.4-2.5c54.7-6,106.2-25.6,106.2-25.6V0H0v30.3c0,0,72,32.6,158.4,30.5c39.2-0.7,92.8-6.7,134-22.4\tc21.2-8.1,52.2-18.2,79.7-24.2C399.3,7.9,411.6,7.5,421.9,6.5z\"\/>\n<\/svg>\t\t<\/div>\n\t\t<div class=\"elementor-element elementor-element-cd2e851 e-flex e-con-boxed wpr-particle-no wpr-jarallax-no wpr-parallax-no wpr-sticky-section-no e-con e-child\" data-id=\"cd2e851\" data-element_type=\"container\">\n\t\t\t\t\t<div class=\"e-con-inner\">\n\t\t<div class=\"elementor-element elementor-element-d399219 e-flex e-con-boxed wpr-particle-no wpr-jarallax-no wpr-parallax-no wpr-sticky-section-no e-con e-child\" data-id=\"d399219\" data-element_type=\"container\" data-settings=\"{&quot;background_background&quot;:&quot;classic&quot;}\">\n\t\t\t\t\t<div class=\"e-con-inner\">\n\t\t\t\t<div class=\"elementor-element elementor-element-742c16d elementor-widget elementor-widget-heading\" data-id=\"742c16d\" data-element_type=\"widget\" data-widget_type=\"heading.default\">\n\t\t\t\t<div class=\"elementor-widget-container\">\n\t\t\t\t\t<h4 class=\"elementor-heading-title elementor-size-default\"><a href=\"https:\/\/bci.md\/wp-content\/uploads\/2024\/06\/BI-14-AUG-2014-1.pdf\">August 12, 2014 - Big Mac Index: The Calories of the Moldovan Foreign Exchange Market<\/a><\/h4>\t\t\t\t<\/div>\n\t\t\t\t<\/div>\n\t\t\t\t<div class=\"elementor-element elementor-element-15dd216 elementor-widget elementor-widget-image\" data-id=\"15dd216\" data-element_type=\"widget\" data-widget_type=\"image.default\">\n\t\t\t\t<div class=\"elementor-widget-container\">\n\t\t\t\t\t\t\t\t\t\t\t\t\t\t\t\t<a href=\"https:\/\/bci.md\/wp-content\/uploads\/2024\/06\/BI-14-AUG-2014-1.pdf\">\n\t\t\t\t\t\t\t<img fetchpriority=\"high\" decoding=\"async\" width=\"458\" height=\"597\" src=\"https:\/\/bci.md\/wp-content\/uploads\/2024\/06\/imagine_buletin2.jpg\" class=\"attachment-large size-large wp-image-26207\" alt=\"\" srcset=\"https:\/\/bci.md\/wp-content\/uploads\/2024\/06\/imagine_buletin2.jpg 458w, https:\/\/bci.md\/wp-content\/uploads\/2024\/06\/imagine_buletin2-230x300.jpg 230w\" sizes=\"(max-width: 458px) 100vw, 458px\" \/>\t\t\t\t\t\t\t\t<\/a>\n\t\t\t\t\t\t\t\t\t\t\t\t\t\t\t<\/div>\n\t\t\t\t<\/div>\n\t\t\t\t\t<\/div>\n\t\t\t\t<\/div>\n\t\t<div class=\"elementor-element elementor-element-9c42bd9 e-flex e-con-boxed wpr-particle-no wpr-jarallax-no wpr-parallax-no wpr-sticky-section-no e-con e-child\" data-id=\"9c42bd9\" data-element_type=\"container\" data-settings=\"{&quot;background_background&quot;:&quot;classic&quot;}\">\n\t\t\t\t\t<div class=\"e-con-inner\">\n\t\t\t\t<div class=\"elementor-element elementor-element-b287da7 elementor-widget elementor-widget-heading\" data-id=\"b287da7\" data-element_type=\"widget\" data-widget_type=\"heading.default\">\n\t\t\t\t<div class=\"elementor-widget-container\">\n\t\t\t\t\t<h4 class=\"elementor-heading-title elementor-size-default\"><a href=\"https:\/\/bci.md\/wp-content\/uploads\/2024\/06\/Buletin-informativ-PPI-RO-4.pdf\">July 21, 2014 - European-supported Project Successfully Completed<\/a><\/h4>\t\t\t\t<\/div>\n\t\t\t\t<\/div>\n\t\t\t\t<div class=\"elementor-element elementor-element-40a15ad elementor-widget elementor-widget-image\" data-id=\"40a15ad\" data-element_type=\"widget\" data-widget_type=\"image.default\">\n\t\t\t\t<div class=\"elementor-widget-container\">\n\t\t\t\t\t\t\t\t\t\t\t\t\t\t\t\t<a href=\"https:\/\/bci.md\/wp-content\/uploads\/2024\/06\/Buletin-informativ-PPI-RO-4.pdf\">\n\t\t\t\t\t\t\t<img decoding=\"async\" width=\"474\" height=\"595\" src=\"https:\/\/bci.md\/wp-content\/uploads\/2024\/06\/imagine_buletin_informativ.jpg\" class=\"attachment-large size-large wp-image-26212\" alt=\"\" srcset=\"https:\/\/bci.md\/wp-content\/uploads\/2024\/06\/imagine_buletin_informativ.jpg 474w, https:\/\/bci.md\/wp-content\/uploads\/2024\/06\/imagine_buletin_informativ-239x300.jpg 239w\" sizes=\"(max-width: 474px) 100vw, 474px\" \/>\t\t\t\t\t\t\t\t<\/a>\n\t\t\t\t\t\t\t\t\t\t\t\t\t\t\t<\/div>\n\t\t\t\t<\/div>\n\t\t\t\t\t<\/div>\n\t\t\t\t<\/div>\n\t\t<div class=\"elementor-element elementor-element-b0523aa e-flex e-con-boxed wpr-particle-no wpr-jarallax-no wpr-parallax-no wpr-sticky-section-no e-con e-child\" data-id=\"b0523aa\" data-element_type=\"container\" data-settings=\"{&quot;background_background&quot;:&quot;classic&quot;}\">\n\t\t\t\t\t<div class=\"e-con-inner\">\n\t\t\t\t<div class=\"elementor-element elementor-element-e667bba elementor-widget elementor-widget-heading\" data-id=\"e667bba\" data-element_type=\"widget\" data-widget_type=\"heading.default\">\n\t\t\t\t<div class=\"elementor-widget-container\">\n\t\t\t\t\t<h4 class=\"elementor-heading-title elementor-size-default\"><a href=\"https:\/\/bci.md\/wp-content\/uploads\/2024\/06\/Buletin-informativ-vizita-Polonia-3.pdf\">February 14, 2014 - Study Visit to Poland for Local Administration Specialists and NGOs from Moldova<\/a><\/h4>\t\t\t\t<\/div>\n\t\t\t\t<\/div>\n\t\t\t\t<div class=\"elementor-element elementor-element-3975bad elementor-widget elementor-widget-image\" data-id=\"3975bad\" data-element_type=\"widget\" data-widget_type=\"image.default\">\n\t\t\t\t<div class=\"elementor-widget-container\">\n\t\t\t\t\t\t\t\t\t\t\t\t\t\t\t\t<a href=\"https:\/\/bci.md\/wp-content\/uploads\/2024\/06\/Buletin-informativ-vizita-Polonia-3.pdf\">\n\t\t\t\t\t\t\t<img decoding=\"async\" width=\"475\" height=\"590\" src=\"https:\/\/bci.md\/wp-content\/uploads\/2024\/06\/imagine_buletin_ro.png\" class=\"attachment-large size-large wp-image-26211\" alt=\"\" srcset=\"https:\/\/bci.md\/wp-content\/uploads\/2024\/06\/imagine_buletin_ro.png 475w, https:\/\/bci.md\/wp-content\/uploads\/2024\/06\/imagine_buletin_ro-242x300.png 242w\" sizes=\"(max-width: 475px) 100vw, 475px\" \/>\t\t\t\t\t\t\t\t<\/a>\n\t\t\t\t\t\t\t\t\t\t\t\t\t\t\t<\/div>\n\t\t\t\t<\/div>\n\t\t\t\t\t<\/div>\n\t\t\t\t<\/div>\n\t\t\t\t\t<\/div>\n\t\t\t\t<\/div>\n\t\t<div class=\"elementor-element elementor-element-8259bdc e-flex e-con-boxed wpr-particle-no wpr-jarallax-no wpr-parallax-no wpr-sticky-section-no e-con e-child\" data-id=\"8259bdc\" data-element_type=\"container\">\n\t\t\t\t\t<div class=\"e-con-inner\">\n\t\t<div class=\"elementor-element elementor-element-4858793 e-flex e-con-boxed wpr-particle-no wpr-jarallax-no wpr-parallax-no wpr-sticky-section-no e-con e-child\" data-id=\"4858793\" data-element_type=\"container\" data-settings=\"{&quot;background_background&quot;:&quot;classic&quot;}\">\n\t\t\t\t\t<div class=\"e-con-inner\">\n\t\t\t\t<div class=\"elementor-element elementor-element-602abf5 elementor-widget elementor-widget-heading\" data-id=\"602abf5\" data-element_type=\"widget\" data-widget_type=\"heading.default\">\n\t\t\t\t<div class=\"elementor-widget-container\">\n\t\t\t\t\t<h4 class=\"elementor-heading-title elementor-size-default\"><a href=\"https:\/\/bci.md\/wp-content\/uploads\/2024\/07\/Buletin-informativ-Proiect-PPI-ro-2.pdf\">January 24, 2014 - Local Development Strategies and Infrastructure Projects for the Cities of Orhei and Telene\u0219ti<\/a><\/h4>\t\t\t\t<\/div>\n\t\t\t\t<\/div>\n\t\t\t\t<div class=\"elementor-element elementor-element-628dc69 elementor-widget elementor-widget-image\" data-id=\"628dc69\" data-element_type=\"widget\" data-widget_type=\"image.default\">\n\t\t\t\t<div class=\"elementor-widget-container\">\n\t\t\t\t\t\t\t\t\t\t\t\t\t\t\t\t<a href=\"https:\/\/bci.md\/wp-content\/uploads\/2024\/07\/Buletin-informativ-Proiect-PPI-ro-2.pdf\">\n\t\t\t\t\t\t\t<img loading=\"lazy\" decoding=\"async\" width=\"473\" height=\"598\" src=\"https:\/\/bci.md\/wp-content\/uploads\/2024\/07\/BI2ro.jpg\" class=\"attachment-large size-large wp-image-26497\" alt=\"\" srcset=\"https:\/\/bci.md\/wp-content\/uploads\/2024\/07\/BI2ro.jpg 473w, https:\/\/bci.md\/wp-content\/uploads\/2024\/07\/BI2ro-237x300.jpg 237w\" sizes=\"(max-width: 473px) 100vw, 473px\" \/>\t\t\t\t\t\t\t\t<\/a>\n\t\t\t\t\t\t\t\t\t\t\t\t\t\t\t<\/div>\n\t\t\t\t<\/div>\n\t\t\t\t\t<\/div>\n\t\t\t\t<\/div>\n\t\t<div class=\"elementor-element elementor-element-4dc9689 e-flex e-con-boxed wpr-particle-no wpr-jarallax-no wpr-parallax-no wpr-sticky-section-no e-con e-child\" data-id=\"4dc9689\" data-element_type=\"container\" data-settings=\"{&quot;background_background&quot;:&quot;classic&quot;}\">\n\t\t\t\t\t<div class=\"e-con-inner\">\n\t\t\t\t<div class=\"elementor-element elementor-element-59b4bee elementor-widget elementor-widget-heading\" data-id=\"59b4bee\" data-element_type=\"widget\" data-widget_type=\"heading.default\">\n\t\t\t\t<div class=\"elementor-widget-container\">\n\t\t\t\t\t<h4 class=\"elementor-heading-title elementor-size-default\"><a href=\"https:\/\/bci.md\/wp-content\/uploads\/2024\/07\/Buletin-octombrie-2013_Descentralizare.pdf\">October 22, 2013 - The Era of Decentralization or the End of an Unstarted Reform<\/a><\/h4>\t\t\t\t<\/div>\n\t\t\t\t<\/div>\n\t\t\t\t<div class=\"elementor-element elementor-element-015a0a2 elementor-widget elementor-widget-image\" data-id=\"015a0a2\" data-element_type=\"widget\" data-widget_type=\"image.default\">\n\t\t\t\t<div class=\"elementor-widget-container\">\n\t\t\t\t\t\t\t\t\t\t\t\t\t\t\t\t<a href=\"https:\/\/bci.md\/wp-content\/uploads\/2024\/07\/Buletin-octombrie-2013_Descentralizare.pdf\">\n\t\t\t\t\t\t\t<img loading=\"lazy\" decoding=\"async\" width=\"376\" height=\"476\" src=\"https:\/\/bci.md\/wp-content\/uploads\/2024\/07\/Buletin_oct_descentralizare.jpg\" class=\"attachment-large size-large wp-image-26496\" alt=\"\" srcset=\"https:\/\/bci.md\/wp-content\/uploads\/2024\/07\/Buletin_oct_descentralizare.jpg 376w, https:\/\/bci.md\/wp-content\/uploads\/2024\/07\/Buletin_oct_descentralizare-237x300.jpg 237w\" sizes=\"(max-width: 376px) 100vw, 376px\" \/>\t\t\t\t\t\t\t\t<\/a>\n\t\t\t\t\t\t\t\t\t\t\t\t\t\t\t<\/div>\n\t\t\t\t<\/div>\n\t\t\t\t\t<\/div>\n\t\t\t\t<\/div>\n\t\t<div class=\"elementor-element elementor-element-27b1e4f e-flex e-con-boxed wpr-particle-no wpr-jarallax-no wpr-parallax-no wpr-sticky-section-no e-con e-child\" data-id=\"27b1e4f\" data-element_type=\"container\" data-settings=\"{&quot;background_background&quot;:&quot;classic&quot;}\">\n\t\t\t\t\t<div class=\"e-con-inner\">\n\t\t\t\t<div class=\"elementor-element elementor-element-bef3413 elementor-widget elementor-widget-heading\" data-id=\"bef3413\" data-element_type=\"widget\" data-widget_type=\"heading.default\">\n\t\t\t\t<div class=\"elementor-widget-container\">\n\t\t\t\t\t<h4 class=\"elementor-heading-title elementor-size-default\"><a href=\"https:\/\/bci.md\/wp-content\/uploads\/2024\/07\/Buletin-informativ-Proiect-PPI-ro.pdf\">October 2, 2013 - A European Project Supports the Development of the Cities of Orhei and Telene\u0219ti<\/a><\/h4>\t\t\t\t<\/div>\n\t\t\t\t<\/div>\n\t\t\t\t<div class=\"elementor-element elementor-element-49f091a elementor-widget elementor-widget-image\" data-id=\"49f091a\" data-element_type=\"widget\" data-widget_type=\"image.default\">\n\t\t\t\t<div class=\"elementor-widget-container\">\n\t\t\t\t\t\t\t\t\t\t\t\t\t\t\t\t<a href=\"https:\/\/bci.md\/wp-content\/uploads\/2024\/07\/Buletin-informativ-Proiect-PPI-ro.pdf\">\n\t\t\t\t\t\t\t<img loading=\"lazy\" decoding=\"async\" width=\"475\" height=\"596\" src=\"https:\/\/bci.md\/wp-content\/uploads\/2024\/07\/PPI_project.jpg\" class=\"attachment-large size-large wp-image-26495\" alt=\"\" srcset=\"https:\/\/bci.md\/wp-content\/uploads\/2024\/07\/PPI_project.jpg 475w, https:\/\/bci.md\/wp-content\/uploads\/2024\/07\/PPI_project-239x300.jpg 239w\" sizes=\"(max-width: 475px) 100vw, 475px\" \/>\t\t\t\t\t\t\t\t<\/a>\n\t\t\t\t\t\t\t\t\t\t\t\t\t\t\t<\/div>\n\t\t\t\t<\/div>\n\t\t\t\t\t<\/div>\n\t\t\t\t<\/div>\n\t\t\t\t\t<\/div>\n\t\t\t\t<\/div>\n\t\t\t\t\t<\/div>\n\t\t\t\t<\/div>\n\t\t\t\t<\/div>","protected":false},"excerpt":{"rendered":"<p>Buletin informativ 12.08.2014 &#8211; Indicele Big Mac: Caloriile pie\u0163ei valutare moldovene\u015fti 21.07.2014 &#8211; Proiect cu sus\u0163inere european\u0103 ajuns la bun sf\u00e2r\u015fit 14.02.2014 &#8211; Vizit\u0103 de studiu \u00een Polonia a speciali\u015ftilor administra\u0163iei locale \u015fi ONG-urilor din Moldova 24.01.2014 &#8211; Strategii de dezvoltare local\u0103 \u015fi proiecte de infrastructur\u0103 pentru ora\u015fele Orhei \u015fi Telene\u015fti 22.10.2013 &#8211; Epoca descentraliz\u0103rii sau sf\u00e2r\u0219itul unei reforme ne\u00eencepute 02.10.2013 &#8211; Un proiect european sus\u0163ine dezvoltarea ora\u015felor Orhei \u015fi Telene\u015fti<\/p>","protected":false},"author":1,"featured_media":0,"parent":0,"menu_order":0,"comment_status":"closed","ping_status":"closed","template":"","meta":{"site-sidebar-layout":"no-sidebar","site-content-layout":"page-builder","ast-site-content-layout":"","site-content-style":"default","site-sidebar-style":"default","ast-global-header-display":"","ast-banner-title-visibility":"","ast-main-header-display":"","ast-hfb-above-header-display":"","ast-hfb-below-header-display":"","ast-hfb-mobile-header-display":"","site-post-title":"disabled","ast-breadcrumbs-content":"","ast-featured-img":"disabled","footer-sml-layout":"","theme-transparent-header-meta":"enabled","adv-header-id-meta":"","stick-header-meta":"","header-above-stick-meta":"","header-main-stick-meta":"","header-below-stick-meta":"","astra-migrate-meta-layouts":"default","ast-page-background-enabled":"default","ast-page-background-meta":{"desktop":{"background-color":"","background-image":"","background-repeat":"repeat","background-position":"center center","background-size":"auto","background-attachment":"scroll","background-type":"","background-media":"","overlay-type":"","overlay-color":"","overlay-opacity":"","overlay-gradient":""},"tablet":{"background-color":"","background-image":"","background-repeat":"repeat","background-position":"center center","background-size":"auto","background-attachment":"scroll","background-type":"","background-media":"","overlay-type":"","overlay-color":"","overlay-opacity":"","overlay-gradient":""},"mobile":{"background-color":"","background-image":"","background-repeat":"repeat","background-position":"center center","background-size":"auto","background-attachment":"scroll","background-type":"","background-media":"","overlay-type":"","overlay-color":"","overlay-opacity":"","overlay-gradient":""}},"ast-content-background-meta":{"desktop":{"background-color":"var(--ast-global-color-5)","background-image":"","background-repeat":"repeat","background-position":"center center","background-size":"auto","background-attachment":"scroll","background-type":"","background-media":"","overlay-type":"","overlay-color":"","overlay-opacity":"","overlay-gradient":""},"tablet":{"background-color":"var(--ast-global-color-5)","background-image":"","background-repeat":"repeat","background-position":"center center","background-size":"auto","background-attachment":"scroll","background-type":"","background-media":"","overlay-type":"","overlay-color":"","overlay-opacity":"","overlay-gradient":""},"mobile":{"background-color":"var(--ast-global-color-5)","background-image":"","background-repeat":"repeat","background-position":"center center","background-size":"auto","background-attachment":"scroll","background-type":"","background-media":"","overlay-type":"","overlay-color":"","overlay-opacity":"","overlay-gradient":""}},"footnotes":""},"class_list":["post-26205","page","type-page","status-publish","hentry"],"_links":{"self":[{"href":"https:\/\/bci.md\/en\/wp-json\/wp\/v2\/pages\/26205","targetHints":{"allow":["GET"]}}],"collection":[{"href":"https:\/\/bci.md\/en\/wp-json\/wp\/v2\/pages"}],"about":[{"href":"https:\/\/bci.md\/en\/wp-json\/wp\/v2\/types\/page"}],"author":[{"embeddable":true,"href":"https:\/\/bci.md\/en\/wp-json\/wp\/v2\/users\/1"}],"replies":[{"embeddable":true,"href":"https:\/\/bci.md\/en\/wp-json\/wp\/v2\/comments?post=26205"}],"version-history":[{"count":0,"href":"https:\/\/bci.md\/en\/wp-json\/wp\/v2\/pages\/26205\/revisions"}],"wp:attachment":[{"href":"https:\/\/bci.md\/en\/wp-json\/wp\/v2\/media?parent=26205"}],"curies":[{"name":"wp","href":"https:\/\/api.w.org\/{rel}","templated":true}]}}